{"id":12,"date":"2015-08-25T14:47:19","date_gmt":"2015-08-25T13:47:19","guid":{"rendered":"http:\/\/ry0xyssrg.preview.infomaniak.website\/_new2015\/?page_id=12"},"modified":"2025-01-27T16:12:39","modified_gmt":"2025-01-27T15:12:39","slug":"contact","status":"publish","type":"page","link":"https:\/\/www.buhlmann.be\/fr\/contact\/","title":{"rendered":"Contact"},"content":{"rendered":"<div class=\"left\">\n<h2>Buhlmann S.A. &#8211; fond\u00e9e en 1931<\/h2>\n<p>Hermesstraat 2C<br \/>\n1930 Zaventem<br \/>\nT : +32 2 711 20 30<br \/>\nF : +32 2 725 25 30<br \/>\nTVA: BE 0401 871 493<br \/>\n<a href=\"mailto:info@buhlmann.be\">info@buhlmann.be<\/a><\/p>\n<h2>Direction<\/h2>\n<p>M. Brice B\u00fchlmann<br \/>\n<strong>Secr\u00e9tariat de Direction:<\/strong><br \/>\n + 32 2 711 20 46<br \/>\n<strong>GDPR:<\/strong> <a href=\"https:\/\/www.buhlmann.be\/fr\/gdpr\/\">GDPR policy Buhlmann SA<\/a><\/p>\n<\/div>\n<div class=\"right\">\n<h2>D\u00e9partement Rolling Stock<\/h2>\n<p>Vente: + 32 2 711 20 59<br \/>\nApr\u00e8s-vente: + 32 2 711 20 34<br \/>\nFax: + 32 2 720 20 64<br \/>\n<a href=\"mailto:RSinfo@buhlmann.be\">RSinfo@buhlmann.be<\/a><\/p>\n<h2>D\u00e9partement Machine-Tools , Automatisation et Additive Manufacturing<\/h2>\n<p>Vente machines: + 32 2 711 20 45<br \/>\nPi\u00e8ces de rechange et accessoires: + 32 2 711 20 38<br \/>\n<a href=\"mailto:info@buhlmann.be\">info@buhlmann.be<\/a><\/p>\n<p>Apr\u00e8s-vente: + 32 2 711 20 51<br \/>\nFax: + 32 2 725 25 28<br \/>\n<a href=\"mailto:sav@buhlmann.be\">sav@buhlmann.be<\/a><\/p>\n<h2>IMO<\/h2>\n<p>Vente: + 32 2 711 20 58<br \/>\nApr\u00e8s-vente: + 32 2 711 20 57<br \/>\nFax: + 32 2 720 20 37<br \/>\n<a href=\"mailto:Admin@imo.be\">Admin@imo.be<\/a><\/p>\n<\/div>\n<p><a class=\"readmore\" href=\"https:\/\/www.buhlmann.be\/contactez-nous\">Contactez-nous via notre formulaire en ligne<\/a><\/p>\n<p>&nbsp;<\/p>\n<p><iframe loading=\"lazy\" style=\"border: 0;\" src=\"https:\/\/www.google.com\/maps\/embed?pb=!1m18!1m12!1m3!1d2517.572609522236!2d4.504343500000001!3d50.8761116!2m3!1f0!2f0!3f0!3m2!1i1024!2i768!4f13.1!3m3!1m2!1s0x47c3dc2efe0d5343%3A0xd70dfdda1e964d1!2sHermesstraat+2%2C+1930+Zaventem!5e0!3m2!1sfr!2sbe!4v1442913208948\" width=\"98%\" height=\"350\" frameborder=\"0\" allowfullscreen=\"allowfullscreen\"><\/iframe><\/p>\n","protected":false},"excerpt":{"rendered":"<p>Buhlmann S.A. &#8211; fond\u00e9e en 1931 Hermesstraat 2C 1930 Zaventem T : +32 2 711 20 30 F : +32 2 725 25 30 TVA: BE 0401 871 493 info@buhlmann.be Direction M. Brice B\u00fchlmann Secr\u00e9tariat de Direction: + 32 2 711 20 46 GDPR: GDPR policy Buhlmann SA D\u00e9partement Rolling Stock Vente: + 32 2 [&hellip;]<\/p>\n","protected":false},"author":5,"featured_media":0,"parent":0,"menu_order":0,"comment_status":"closed","ping_status":"closed","template":"","meta":{"_acf_changed":false,"footnotes":""},"class_list":["post-12","page","type-page","status-publish","hentry"],"acf":[],"_links":{"self":[{"href":"https:\/\/www.buhlmann.be\/fr\/wp-json\/wp\/v2\/pages\/12","targetHints":{"allow":["GET"]}}],"collection":[{"href":"https:\/\/www.buhlmann.be\/fr\/wp-json\/wp\/v2\/pages"}],"about":[{"href":"https:\/\/www.buhlmann.be\/fr\/wp-json\/wp\/v2\/types\/page"}],"author":[{"embeddable":true,"href":"https:\/\/www.buhlmann.be\/fr\/wp-json\/wp\/v2\/users\/5"}],"replies":[{"embeddable":true,"href":"https:\/\/www.buhlmann.be\/fr\/wp-json\/wp\/v2\/comments?post=12"}],"version-history":[{"count":29,"href":"https:\/\/www.buhlmann.be\/fr\/wp-json\/wp\/v2\/pages\/12\/revisions"}],"predecessor-version":[{"id":1106,"href":"https:\/\/www.buhlmann.be\/fr\/wp-json\/wp\/v2\/pages\/12\/revisions\/1106"}],"wp:attachment":[{"href":"https:\/\/www.buhlmann.be\/fr\/wp-json\/wp\/v2\/media?parent=12"}],"curies":[{"name":"wp","href":"https:\/\/api.w.org\/{rel}","templated":true}]}}