{"id":34,"date":"2015-08-27T11:53:55","date_gmt":"2015-08-27T10:53:55","guid":{"rendered":"http:\/\/ry0xyssrg.preview.infomaniak.website\/_new2015\/?page_id=34"},"modified":"2019-08-08T16:59:27","modified_gmt":"2019-08-08T15:59:27","slug":"rollingstock","status":"publish","type":"page","link":"https:\/\/www.buhlmann.be\/fr\/rollingstock\/","title":{"rendered":"Technique Ferroviaire"},"content":{"rendered":"<p>Nous sommes actifs dans les domaines du conseil, de la gestion de projet et de la repr\u00e9sentation dans l\u2019industrie ferroviaire depuis plus de 60 ans.<\/p>\n<p>Nous disposons d\u2019\u00e9quipes exp\u00e9riment\u00e9es dans les domaines de la conception, de la gestion de projet, du montage, des entretiens et interventions de d\u00e9pannage rapide d\u2019installation de signalisation, des installations de maintenance et du mat\u00e9riel embarqu\u00e9.<\/p>\n<p>Nous nous reposons sur des partenaires offrant des solutions qualitatives et \u00e9prouv\u00e9es et sur un service offrant un r\u00e9el avantage comp\u00e9titif \u00e0 nos clients.<\/p>\n","protected":false},"excerpt":{"rendered":"<p>Nous sommes actifs dans les domaines du conseil, de la gestion de projet et de la repr\u00e9sentation dans l\u2019industrie ferroviaire depuis plus de 60 ans. Nous disposons d\u2019\u00e9quipes exp\u00e9riment\u00e9es dans les domaines de la conception, de la gestion de projet, du montage, des entretiens et interventions de d\u00e9pannage rapide d\u2019installation de signalisation, des installations de [&hellip;]<\/p>\n","protected":false},"author":5,"featured_media":0,"parent":0,"menu_order":0,"comment_status":"closed","ping_status":"closed","template":"template-ferroviaire.php","meta":{"_acf_changed":false,"footnotes":""},"class_list":["post-34","page","type-page","status-publish","hentry"],"acf":[],"_links":{"self":[{"href":"https:\/\/www.buhlmann.be\/fr\/wp-json\/wp\/v2\/pages\/34","targetHints":{"allow":["GET"]}}],"collection":[{"href":"https:\/\/www.buhlmann.be\/fr\/wp-json\/wp\/v2\/pages"}],"about":[{"href":"https:\/\/www.buhlmann.be\/fr\/wp-json\/wp\/v2\/types\/page"}],"author":[{"embeddable":true,"href":"https:\/\/www.buhlmann.be\/fr\/wp-json\/wp\/v2\/users\/5"}],"replies":[{"embeddable":true,"href":"https:\/\/www.buhlmann.be\/fr\/wp-json\/wp\/v2\/comments?post=34"}],"version-history":[{"count":11,"href":"https:\/\/www.buhlmann.be\/fr\/wp-json\/wp\/v2\/pages\/34\/revisions"}],"predecessor-version":[{"id":731,"href":"https:\/\/www.buhlmann.be\/fr\/wp-json\/wp\/v2\/pages\/34\/revisions\/731"}],"wp:attachment":[{"href":"https:\/\/www.buhlmann.be\/fr\/wp-json\/wp\/v2\/media?parent=34"}],"curies":[{"name":"wp","href":"https:\/\/api.w.org\/{rel}","templated":true}]}}