{"id":5,"date":"2015-08-25T13:59:13","date_gmt":"2015-08-25T12:59:13","guid":{"rendered":"http:\/\/ry0xyssrg.preview.infomaniak.website\/_new2015\/?page_id=5"},"modified":"2022-02-16T19:52:19","modified_gmt":"2022-02-16T18:52:19","slug":"accueil","status":"publish","type":"page","link":"https:\/\/www.buhlmann.be\/fr\/","title":{"rendered":"Accueil"},"content":{"rendered":"<p style=\"font-size: 16px;\">Nous sommes une\u00a0soci\u00e9t\u00e9 d&rsquo;ing\u00e9nierie offrant des connaissances techniques, de la maintenance, de la gestion de projet et des solutions de pointe \u00e0 nos clients.<\/p>\n<p>Notre programme de vente de machines-outils est ax\u00e9 sur des partenaires \u00e0 l&rsquo;avant-garde technologique. Il comprend des fraiseuses, des centres de per\u00e7age, des centres d&rsquo;usinage, des tours, des d\u00e9colleteuses, des rectifieuses, des rectifieuses d&rsquo;outils, des machines d&rsquo;\u00e9lectro\u00e9rosion \u00e0 fil et par enfon\u00e7age, des dispositifs de pr\u00e9r\u00e9glage ainsi que des accessoires et consommables pour machines-outils. L&rsquo;automatisation et les logiciels pour la gestion de la production font \u00e9galement partie de nos capacit\u00e9s.<\/p>\n<p>Fid\u00e8les \u00e0 notre vision d&rsquo;offrir des technologies de pointe \u00e0 l&rsquo;industrie belge, nous proposons des solutions industrielles d&rsquo;impression 3D m\u00e9tal pour le prototypage et la production en s\u00e9rie, des machines d&rsquo;impression 3D polym\u00e8res industrielles de pointe et nous sommes fiers de proposer bient\u00f4t des solutions d&rsquo;impression 3D pour polym\u00e8res bois\u00e9s et caoutchouteux. Pr\u00e9parer la prochaine r\u00e9volution industrielle.<\/p>\n<p>Nous avons accumul\u00e9 une exp\u00e9rience dans le domaine des transports publics, tant pour l&rsquo;infrastructure que pour le mat\u00e9riel roulant. Nous proposons, int\u00e9grons, installons et maintenons des syst\u00e8mes techniques pour la maintenance et l&rsquo;exploitation des chemins de fer, tramways, bus et m\u00e9tros.<\/p>\n<p>Notre \u00e9quipe de service propose la maintenance du syst\u00e8me livr\u00e9, jusqu&rsquo;\u00e0 24h\/7j. Nous croyons fermement qu&rsquo;un ing\u00e9nieur doit suivre les syst\u00e8mes qu&rsquo;il construit, tout au long de leur dur\u00e9e de vie. Tant pour son \u00e9panouissement personnel que pour une meilleure performance des syst\u00e8mes de nos clients. Nous appliquons ce principe \u00e0 travers des contacts tr\u00e8s \u00e9troits et des \u00e9changes continus entre nos ing\u00e9nieurs de maintenance et ing\u00e9nieurs de projet qui travaillent comme une seule \u00e9quipe.<\/p>\n<p>R\u00e8glement GDPR :\u00a0<span style=\"color: #ffffff;\"><a style=\"color: #ffffff;\" href=\"https:\/\/www.buhlmann.be\/fr\/gdpr\/\">lien<\/a><\/span><\/p>\n<p>Conditions G\u00e9n\u00e9rales de vente :<span style=\"color: #ffffff;\">\u00a0<a style=\"color: #ffffff;\" href=\"https:\/\/www.buhlmann.be\/fr\/general-conditions-of-sales\/\">lien<\/a><\/span><\/p>\n<p>Conditions G\u00e9n\u00e9rales d&rsquo;achat:<span style=\"color: #ffffff;\">\u00a0<a style=\"color: #ffffff;\" href=\"https:\/\/www.buhlmann.be\/fr\/general-terms-and-conditions-of-purchases\/\">lien<\/a><\/span><\/p>\n","protected":false},"excerpt":{"rendered":"<p>Nous sommes une\u00a0soci\u00e9t\u00e9 d&rsquo;ing\u00e9nierie offrant des connaissances techniques, de la maintenance, de la gestion de projet et des solutions de pointe \u00e0 nos clients. Notre programme de vente de machines-outils est ax\u00e9 sur des partenaires \u00e0 l&rsquo;avant-garde technologique. Il comprend des fraiseuses, des centres de per\u00e7age, des centres d&rsquo;usinage, des tours, des d\u00e9colleteuses, des rectifieuses, [&hellip;]<\/p>\n","protected":false},"author":5,"featured_media":0,"parent":0,"menu_order":0,"comment_status":"closed","ping_status":"closed","template":"","meta":{"_acf_changed":false,"footnotes":""},"class_list":["post-5","page","type-page","status-publish","hentry"],"acf":[],"_links":{"self":[{"href":"https:\/\/www.buhlmann.be\/fr\/wp-json\/wp\/v2\/pages\/5","targetHints":{"allow":["GET"]}}],"collection":[{"href":"https:\/\/www.buhlmann.be\/fr\/wp-json\/wp\/v2\/pages"}],"about":[{"href":"https:\/\/www.buhlmann.be\/fr\/wp-json\/wp\/v2\/types\/page"}],"author":[{"embeddable":true,"href":"https:\/\/www.buhlmann.be\/fr\/wp-json\/wp\/v2\/users\/5"}],"replies":[{"embeddable":true,"href":"https:\/\/www.buhlmann.be\/fr\/wp-json\/wp\/v2\/comments?post=5"}],"version-history":[{"count":16,"href":"https:\/\/www.buhlmann.be\/fr\/wp-json\/wp\/v2\/pages\/5\/revisions"}],"predecessor-version":[{"id":945,"href":"https:\/\/www.buhlmann.be\/fr\/wp-json\/wp\/v2\/pages\/5\/revisions\/945"}],"wp:attachment":[{"href":"https:\/\/www.buhlmann.be\/fr\/wp-json\/wp\/v2\/media?parent=5"}],"curies":[{"name":"wp","href":"https:\/\/api.w.org\/{rel}","templated":true}]}}