{"id":55,"date":"2015-08-27T13:41:57","date_gmt":"2015-08-27T12:41:57","guid":{"rendered":"http:\/\/ry0xyssrg.preview.infomaniak.website\/_new2015\/?page_id=55"},"modified":"2019-03-19T15:58:06","modified_gmt":"2019-03-19T14:58:06","slug":"machine-tools","status":"publish","type":"page","link":"https:\/\/www.buhlmann.be\/fr\/machine-tools\/","title":{"rendered":"Machines outils &#038; Automatisation"},"content":{"rendered":"<p>Nous sommes actifs dans les domaines du conseil, de la gestion de projet et de la repr\u00e9sentation dans l\u2019industrie des machines-outils depuis plus de 70 ans.<\/p>\n<p>Nous disposons d\u2019\u00e9quipes exp\u00e9riment\u00e9es dans chacun de ces domaines au niveau de la conception, de la gestion de projet, du montage, des entretiens et interventions de d\u00e9pannage rapide.<\/p>\n<p>Nous nous reposons sur des partenaires offrant des solutions qualitatives et \u00e9prouv\u00e9es et sur un service offrant un r\u00e9el avantage comp\u00e9titif \u00e0 nos clients.<\/p>\n","protected":false},"excerpt":{"rendered":"<p>Nous sommes actifs dans les domaines du conseil, de la gestion de projet et de la repr\u00e9sentation dans l\u2019industrie des machines-outils depuis plus de 70 ans. Nous disposons d\u2019\u00e9quipes exp\u00e9riment\u00e9es dans chacun de ces domaines au niveau de la conception, de la gestion de projet, du montage, des entretiens et interventions de d\u00e9pannage rapide. Nous [&hellip;]<\/p>\n","protected":false},"author":5,"featured_media":0,"parent":0,"menu_order":0,"comment_status":"closed","ping_status":"closed","template":"template-machines.php","meta":{"_acf_changed":false,"footnotes":""},"class_list":["post-55","page","type-page","status-publish","hentry"],"acf":[],"_links":{"self":[{"href":"https:\/\/www.buhlmann.be\/fr\/wp-json\/wp\/v2\/pages\/55","targetHints":{"allow":["GET"]}}],"collection":[{"href":"https:\/\/www.buhlmann.be\/fr\/wp-json\/wp\/v2\/pages"}],"about":[{"href":"https:\/\/www.buhlmann.be\/fr\/wp-json\/wp\/v2\/types\/page"}],"author":[{"embeddable":true,"href":"https:\/\/www.buhlmann.be\/fr\/wp-json\/wp\/v2\/users\/5"}],"replies":[{"embeddable":true,"href":"https:\/\/www.buhlmann.be\/fr\/wp-json\/wp\/v2\/comments?post=55"}],"version-history":[{"count":6,"href":"https:\/\/www.buhlmann.be\/fr\/wp-json\/wp\/v2\/pages\/55\/revisions"}],"predecessor-version":[{"id":733,"href":"https:\/\/www.buhlmann.be\/fr\/wp-json\/wp\/v2\/pages\/55\/revisions\/733"}],"wp:attachment":[{"href":"https:\/\/www.buhlmann.be\/fr\/wp-json\/wp\/v2\/media?parent=55"}],"curies":[{"name":"wp","href":"https:\/\/api.w.org\/{rel}","templated":true}]}}